{"id":49,"date":"2016-10-24T18:42:41","date_gmt":"2016-10-24T16:42:41","guid":{"rendered":"http:\/\/oplegal.pl\/?page_id=49"},"modified":"2016-11-28T13:25:43","modified_gmt":"2016-11-28T12:25:43","slug":"dane-osobowe","status":"publish","type":"page","link":"http:\/\/oplegal.pl\/index.php\/uslugi\/dane-osobowe\/","title":{"rendered":"Dane osobowe"},"content":{"rendered":"<p>&#8211; doradztwo w zakresie stosowania przepis\u00f3w o ochronie danych osobowych,<br \/>\n&#8211; przygotowywanie wszelkiego typu dokumentacji w zakresie ochrony danych osobowych,<br \/>\n&#8211; reprezentowanie klient\u00f3w przed GIODO oraz s\u0105dami administracyjnymi,<br \/>\n&#8211; analiza stanu prawnego przedsi\u0119biorstw w odniesieniu do stosowania przepis\u00f3w o ochronie danych osobowych<\/p>\n","protected":false},"excerpt":{"rendered":"<p>&#8211; doradztwo w zakresie stosowania przepis\u00f3w o ochronie danych osobowych, &#8211; przygotowywanie wszelkiego typu dokumentacji w zakresie ochrony danych osobowych, &#8211; reprezentowanie klient\u00f3w przed GIODO oraz s\u0105dami administracyjnymi, &#8211; analiza stanu prawnego przedsi\u0119biorstw w odniesieniu do stosowania przepis\u00f3w o ochronie danych osobowych<\/p>\n","protected":false},"author":1,"featured_media":31,"parent":33,"menu_order":0,"comment_status":"closed","ping_status":"closed","template":"","meta":[],"acf":[],"yoast_head":"<!-- This site is optimized with the Yoast SEO plugin v20.7 - https:\/\/yoast.com\/wordpress\/plugins\/seo\/ -->\n<title>Dane osobowe - OLEJNIK KANCELARIA RADC\u00d3W PRAWNYCH SP\u00d3\u0141KA PARTNERSKA<\/title>\n<meta name=\"robots\" content=\"noindex, follow, max-snippet:-1, max-image-preview:large, max-video-preview:-1\" \/>\n<meta property=\"og:locale\" content=\"pl_PL\" \/>\n<meta property=\"og:type\" content=\"article\" \/>\n<meta property=\"og:title\" content=\"Dane osobowe - OLEJNIK KANCELARIA RADC\u00d3W PRAWNYCH SP\u00d3\u0141KA PARTNERSKA\" \/>\n<meta property=\"og:description\" content=\"&#8211; doradztwo w zakresie stosowania przepis\u00f3w o ochronie danych osobowych, &#8211; przygotowywanie wszelkiego typu dokumentacji w zakresie ochrony danych osobowych, &#8211; reprezentowanie klient\u00f3w przed GIODO oraz s\u0105dami administracyjnymi, &#8211; analiza stanu prawnego przedsi\u0119biorstw w odniesieniu do stosowania przepis\u00f3w o ochronie danych osobowych\" \/>\n<meta property=\"og:url\" content=\"http:\/\/oplegal.pl\/index.php\/uslugi\/dane-osobowe\/\" \/>\n<meta property=\"og:site_name\" content=\"OLEJNIK KANCELARIA RADC\u00d3W PRAWNYCH SP\u00d3\u0141KA PARTNERSKA\" \/>\n<meta property=\"article:modified_time\" content=\"2016-11-28T12:25:43+00:00\" \/>\n<meta property=\"og:image\" content=\"http:\/\/oplegal.pl\/wp-content\/uploads\/2016\/10\/city-panorama-1210045.jpg\" \/>\n\t<meta property=\"og:image:width\" content=\"1936\" \/>\n\t<meta property=\"og:image:height\" content=\"1296\" \/>\n\t<meta property=\"og:image:type\" content=\"image\/jpeg\" \/>\n<meta name=\"twitter:card\" content=\"summary_large_image\" \/>\n<script type=\"application\/ld+json\" class=\"yoast-schema-graph\">{\"@context\":\"https:\/\/schema.org\",\"@graph\":[{\"@type\":\"WebPage\",\"@id\":\"http:\/\/oplegal.pl\/index.php\/uslugi\/dane-osobowe\/\",\"url\":\"http:\/\/oplegal.pl\/index.php\/uslugi\/dane-osobowe\/\",\"name\":\"Dane osobowe - OLEJNIK KANCELARIA RADC\u00d3W PRAWNYCH SP\u00d3\u0141KA PARTNERSKA\",\"isPartOf\":{\"@id\":\"http:\/\/oplegal.pl\/#website\"},\"datePublished\":\"2016-10-24T16:42:41+00:00\",\"dateModified\":\"2016-11-28T12:25:43+00:00\",\"breadcrumb\":{\"@id\":\"http:\/\/oplegal.pl\/index.php\/uslugi\/dane-osobowe\/#breadcrumb\"},\"inLanguage\":\"pl-PL\",\"potentialAction\":[{\"@type\":\"ReadAction\",\"target\":[\"http:\/\/oplegal.pl\/index.php\/uslugi\/dane-osobowe\/\"]}]},{\"@type\":\"BreadcrumbList\",\"@id\":\"http:\/\/oplegal.pl\/index.php\/uslugi\/dane-osobowe\/#breadcrumb\",\"itemListElement\":[{\"@type\":\"ListItem\",\"position\":1,\"name\":\"Strona g\u0142\u00f3wna\",\"item\":\"http:\/\/oplegal.pl\/\"},{\"@type\":\"ListItem\",\"position\":2,\"name\":\"Us\u0142ugi\",\"item\":\"http:\/\/oplegal.pl\/index.php\/uslugi\/\"},{\"@type\":\"ListItem\",\"position\":3,\"name\":\"Dane osobowe\"}]},{\"@type\":\"WebSite\",\"@id\":\"http:\/\/oplegal.pl\/#website\",\"url\":\"http:\/\/oplegal.pl\/\",\"name\":\"OLEJNIK KANCELARIA RADC\u00d3W PRAWNYCH SP\u00d3\u0141KA PARTNERSKA\",\"description\":\"Kancelaria prawna Olejnik powsta\u0142a z intencj\u0105 \u015bwiadczenia doradztwa prawnego w konwencji bliskiej i sta\u0142ej wsp\u00f3\u0142pracy z Klientami.\",\"potentialAction\":[{\"@type\":\"SearchAction\",\"target\":{\"@type\":\"EntryPoint\",\"urlTemplate\":\"http:\/\/oplegal.pl\/?s={search_term_string}\"},\"query-input\":\"required name=search_term_string\"}],\"inLanguage\":\"pl-PL\"}]}<\/script>\n<!-- \/ Yoast SEO plugin. -->","yoast_head_json":{"title":"Dane osobowe - OLEJNIK KANCELARIA RADC\u00d3W PRAWNYCH SP\u00d3\u0141KA PARTNERSKA","robots":{"index":"noindex","follow":"follow","max-snippet":"max-snippet:-1","max-image-preview":"max-image-preview:large","max-video-preview":"max-video-preview:-1"},"og_locale":"pl_PL","og_type":"article","og_title":"Dane osobowe - OLEJNIK KANCELARIA RADC\u00d3W PRAWNYCH SP\u00d3\u0141KA PARTNERSKA","og_description":"&#8211; doradztwo w zakresie stosowania przepis\u00f3w o ochronie danych osobowych, &#8211; przygotowywanie wszelkiego typu dokumentacji w zakresie ochrony danych osobowych, &#8211; reprezentowanie klient\u00f3w przed GIODO oraz s\u0105dami administracyjnymi, &#8211; analiza stanu prawnego przedsi\u0119biorstw w odniesieniu do stosowania przepis\u00f3w o ochronie danych osobowych","og_url":"http:\/\/oplegal.pl\/index.php\/uslugi\/dane-osobowe\/","og_site_name":"OLEJNIK KANCELARIA RADC\u00d3W PRAWNYCH SP\u00d3\u0141KA PARTNERSKA","article_modified_time":"2016-11-28T12:25:43+00:00","og_image":[{"width":1936,"height":1296,"url":"http:\/\/oplegal.pl\/wp-content\/uploads\/2016\/10\/city-panorama-1210045.jpg","type":"image\/jpeg"}],"twitter_card":"summary_large_image","schema":{"@context":"https:\/\/schema.org","@graph":[{"@type":"WebPage","@id":"http:\/\/oplegal.pl\/index.php\/uslugi\/dane-osobowe\/","url":"http:\/\/oplegal.pl\/index.php\/uslugi\/dane-osobowe\/","name":"Dane osobowe - OLEJNIK KANCELARIA RADC\u00d3W PRAWNYCH SP\u00d3\u0141KA PARTNERSKA","isPartOf":{"@id":"http:\/\/oplegal.pl\/#website"},"datePublished":"2016-10-24T16:42:41+00:00","dateModified":"2016-11-28T12:25:43+00:00","breadcrumb":{"@id":"http:\/\/oplegal.pl\/index.php\/uslugi\/dane-osobowe\/#breadcrumb"},"inLanguage":"pl-PL","potentialAction":[{"@type":"ReadAction","target":["http:\/\/oplegal.pl\/index.php\/uslugi\/dane-osobowe\/"]}]},{"@type":"BreadcrumbList","@id":"http:\/\/oplegal.pl\/index.php\/uslugi\/dane-osobowe\/#breadcrumb","itemListElement":[{"@type":"ListItem","position":1,"name":"Strona g\u0142\u00f3wna","item":"http:\/\/oplegal.pl\/"},{"@type":"ListItem","position":2,"name":"Us\u0142ugi","item":"http:\/\/oplegal.pl\/index.php\/uslugi\/"},{"@type":"ListItem","position":3,"name":"Dane osobowe"}]},{"@type":"WebSite","@id":"http:\/\/oplegal.pl\/#website","url":"http:\/\/oplegal.pl\/","name":"OLEJNIK KANCELARIA RADC\u00d3W PRAWNYCH SP\u00d3\u0141KA PARTNERSKA","description":"Kancelaria prawna Olejnik powsta\u0142a z intencj\u0105 \u015bwiadczenia doradztwa prawnego w konwencji bliskiej i sta\u0142ej wsp\u00f3\u0142pracy z Klientami.","potentialAction":[{"@type":"SearchAction","target":{"@type":"EntryPoint","urlTemplate":"http:\/\/oplegal.pl\/?s={search_term_string}"},"query-input":"required name=search_term_string"}],"inLanguage":"pl-PL"}]}},"_links":{"self":[{"href":"http:\/\/oplegal.pl\/index.php\/wp-json\/wp\/v2\/pages\/49"}],"collection":[{"href":"http:\/\/oplegal.pl\/index.php\/wp-json\/wp\/v2\/pages"}],"about":[{"href":"http:\/\/oplegal.pl\/index.php\/wp-json\/wp\/v2\/types\/page"}],"author":[{"embeddable":true,"href":"http:\/\/oplegal.pl\/index.php\/wp-json\/wp\/v2\/users\/1"}],"replies":[{"embeddable":true,"href":"http:\/\/oplegal.pl\/index.php\/wp-json\/wp\/v2\/comments?post=49"}],"version-history":[{"count":2,"href":"http:\/\/oplegal.pl\/index.php\/wp-json\/wp\/v2\/pages\/49\/revisions"}],"predecessor-version":[{"id":162,"href":"http:\/\/oplegal.pl\/index.php\/wp-json\/wp\/v2\/pages\/49\/revisions\/162"}],"up":[{"embeddable":true,"href":"http:\/\/oplegal.pl\/index.php\/wp-json\/wp\/v2\/pages\/33"}],"wp:featuredmedia":[{"embeddable":true,"href":"http:\/\/oplegal.pl\/index.php\/wp-json\/wp\/v2\/media\/31"}],"wp:attachment":[{"href":"http:\/\/oplegal.pl\/index.php\/wp-json\/wp\/v2\/media?parent=49"}],"curies":[{"name":"wp","href":"https:\/\/api.w.org\/{rel}","templated":true}]}}