{"id":33,"date":"2016-10-24T18:40:32","date_gmt":"2016-10-24T16:40:32","guid":{"rendered":"http:\/\/oplegal.pl\/?page_id=33"},"modified":"2016-12-12T01:17:40","modified_gmt":"2016-12-12T00:17:40","slug":"uslugi","status":"publish","type":"page","link":"http:\/\/oplegal.pl\/index.php\/uslugi\/","title":{"rendered":"Us\u0142ugi"},"content":{"rendered":"<p>Kancelaria Olejnik specjalizuje si\u0119 w obs\u0142udze przedsi\u0119biorc\u00f3w, przede wszystkim w obszarze prawa gospodarczego, handlowego, cywilnego, w szczeg\u00f3lno\u015bci prawa um\u00f3w. Zapraszamy do zapoznania si\u0119 z zakresem oferowanych przez nas us\u0142ug.<\/p>\n","protected":false},"excerpt":{"rendered":"<p>Kancelaria Olejnik specjalizuje si\u0119 w obs\u0142udze przedsi\u0119biorc\u00f3w, przede wszystkim w obszarze prawa gospodarczego, handlowego, cywilnego, w szczeg\u00f3lno\u015bci prawa um\u00f3w. Zapraszamy do zapoznania si\u0119 z zakresem oferowanych przez nas us\u0142ug.<\/p>\n","protected":false},"author":1,"featured_media":31,"parent":0,"menu_order":0,"comment_status":"closed","ping_status":"closed","template":"","meta":[],"acf":[],"yoast_head":"<!-- This site is optimized with the Yoast SEO plugin v20.7 - https:\/\/yoast.com\/wordpress\/plugins\/seo\/ -->\n<title>Us\u0142ugi - OLEJNIK KANCELARIA RADC\u00d3W PRAWNYCH SP\u00d3\u0141KA PARTNERSKA<\/title>\n<meta name=\"robots\" content=\"noindex, follow, max-snippet:-1, max-image-preview:large, max-video-preview:-1\" \/>\n<meta property=\"og:locale\" content=\"pl_PL\" \/>\n<meta property=\"og:type\" content=\"article\" \/>\n<meta property=\"og:title\" content=\"Us\u0142ugi - OLEJNIK KANCELARIA RADC\u00d3W PRAWNYCH SP\u00d3\u0141KA PARTNERSKA\" \/>\n<meta property=\"og:description\" content=\"Kancelaria Olejnik specjalizuje si\u0119 w obs\u0142udze przedsi\u0119biorc\u00f3w, przede wszystkim w obszarze prawa gospodarczego, handlowego, cywilnego, w szczeg\u00f3lno\u015bci prawa um\u00f3w. Zapraszamy do zapoznania si\u0119 z zakresem oferowanych przez nas us\u0142ug.\" \/>\n<meta property=\"og:url\" content=\"http:\/\/oplegal.pl\/index.php\/uslugi\/\" \/>\n<meta property=\"og:site_name\" content=\"OLEJNIK KANCELARIA RADC\u00d3W PRAWNYCH SP\u00d3\u0141KA PARTNERSKA\" \/>\n<meta property=\"article:modified_time\" content=\"2016-12-12T00:17:40+00:00\" \/>\n<meta property=\"og:image\" content=\"http:\/\/oplegal.pl\/wp-content\/uploads\/2016\/10\/city-panorama-1210045.jpg\" \/>\n\t<meta property=\"og:image:width\" content=\"1936\" \/>\n\t<meta property=\"og:image:height\" content=\"1296\" \/>\n\t<meta property=\"og:image:type\" content=\"image\/jpeg\" \/>\n<meta name=\"twitter:card\" content=\"summary_large_image\" \/>\n<script type=\"application\/ld+json\" class=\"yoast-schema-graph\">{\"@context\":\"https:\/\/schema.org\",\"@graph\":[{\"@type\":\"WebPage\",\"@id\":\"http:\/\/oplegal.pl\/index.php\/uslugi\/\",\"url\":\"http:\/\/oplegal.pl\/index.php\/uslugi\/\",\"name\":\"Us\u0142ugi - OLEJNIK KANCELARIA RADC\u00d3W PRAWNYCH SP\u00d3\u0141KA PARTNERSKA\",\"isPartOf\":{\"@id\":\"http:\/\/oplegal.pl\/#website\"},\"datePublished\":\"2016-10-24T16:40:32+00:00\",\"dateModified\":\"2016-12-12T00:17:40+00:00\",\"breadcrumb\":{\"@id\":\"http:\/\/oplegal.pl\/index.php\/uslugi\/#breadcrumb\"},\"inLanguage\":\"pl-PL\",\"potentialAction\":[{\"@type\":\"ReadAction\",\"target\":[\"http:\/\/oplegal.pl\/index.php\/uslugi\/\"]}]},{\"@type\":\"BreadcrumbList\",\"@id\":\"http:\/\/oplegal.pl\/index.php\/uslugi\/#breadcrumb\",\"itemListElement\":[{\"@type\":\"ListItem\",\"position\":1,\"name\":\"Strona g\u0142\u00f3wna\",\"item\":\"http:\/\/oplegal.pl\/\"},{\"@type\":\"ListItem\",\"position\":2,\"name\":\"Us\u0142ugi\"}]},{\"@type\":\"WebSite\",\"@id\":\"http:\/\/oplegal.pl\/#website\",\"url\":\"http:\/\/oplegal.pl\/\",\"name\":\"OLEJNIK KANCELARIA RADC\u00d3W PRAWNYCH SP\u00d3\u0141KA PARTNERSKA\",\"description\":\"Kancelaria prawna Olejnik powsta\u0142a z intencj\u0105 \u015bwiadczenia doradztwa prawnego w konwencji bliskiej i sta\u0142ej wsp\u00f3\u0142pracy z Klientami.\",\"potentialAction\":[{\"@type\":\"SearchAction\",\"target\":{\"@type\":\"EntryPoint\",\"urlTemplate\":\"http:\/\/oplegal.pl\/?s={search_term_string}\"},\"query-input\":\"required name=search_term_string\"}],\"inLanguage\":\"pl-PL\"}]}<\/script>\n<!-- \/ Yoast SEO plugin. -->","yoast_head_json":{"title":"Us\u0142ugi - OLEJNIK KANCELARIA RADC\u00d3W PRAWNYCH SP\u00d3\u0141KA PARTNERSKA","robots":{"index":"noindex","follow":"follow","max-snippet":"max-snippet:-1","max-image-preview":"max-image-preview:large","max-video-preview":"max-video-preview:-1"},"og_locale":"pl_PL","og_type":"article","og_title":"Us\u0142ugi - OLEJNIK KANCELARIA RADC\u00d3W PRAWNYCH SP\u00d3\u0141KA PARTNERSKA","og_description":"Kancelaria Olejnik specjalizuje si\u0119 w obs\u0142udze przedsi\u0119biorc\u00f3w, przede wszystkim w obszarze prawa gospodarczego, handlowego, cywilnego, w szczeg\u00f3lno\u015bci prawa um\u00f3w. Zapraszamy do zapoznania si\u0119 z zakresem oferowanych przez nas us\u0142ug.","og_url":"http:\/\/oplegal.pl\/index.php\/uslugi\/","og_site_name":"OLEJNIK KANCELARIA RADC\u00d3W PRAWNYCH SP\u00d3\u0141KA PARTNERSKA","article_modified_time":"2016-12-12T00:17:40+00:00","og_image":[{"width":1936,"height":1296,"url":"http:\/\/oplegal.pl\/wp-content\/uploads\/2016\/10\/city-panorama-1210045.jpg","type":"image\/jpeg"}],"twitter_card":"summary_large_image","schema":{"@context":"https:\/\/schema.org","@graph":[{"@type":"WebPage","@id":"http:\/\/oplegal.pl\/index.php\/uslugi\/","url":"http:\/\/oplegal.pl\/index.php\/uslugi\/","name":"Us\u0142ugi - OLEJNIK KANCELARIA RADC\u00d3W PRAWNYCH SP\u00d3\u0141KA PARTNERSKA","isPartOf":{"@id":"http:\/\/oplegal.pl\/#website"},"datePublished":"2016-10-24T16:40:32+00:00","dateModified":"2016-12-12T00:17:40+00:00","breadcrumb":{"@id":"http:\/\/oplegal.pl\/index.php\/uslugi\/#breadcrumb"},"inLanguage":"pl-PL","potentialAction":[{"@type":"ReadAction","target":["http:\/\/oplegal.pl\/index.php\/uslugi\/"]}]},{"@type":"BreadcrumbList","@id":"http:\/\/oplegal.pl\/index.php\/uslugi\/#breadcrumb","itemListElement":[{"@type":"ListItem","position":1,"name":"Strona g\u0142\u00f3wna","item":"http:\/\/oplegal.pl\/"},{"@type":"ListItem","position":2,"name":"Us\u0142ugi"}]},{"@type":"WebSite","@id":"http:\/\/oplegal.pl\/#website","url":"http:\/\/oplegal.pl\/","name":"OLEJNIK KANCELARIA RADC\u00d3W PRAWNYCH SP\u00d3\u0141KA PARTNERSKA","description":"Kancelaria prawna Olejnik powsta\u0142a z intencj\u0105 \u015bwiadczenia doradztwa prawnego w konwencji bliskiej i sta\u0142ej wsp\u00f3\u0142pracy z Klientami.","potentialAction":[{"@type":"SearchAction","target":{"@type":"EntryPoint","urlTemplate":"http:\/\/oplegal.pl\/?s={search_term_string}"},"query-input":"required name=search_term_string"}],"inLanguage":"pl-PL"}]}},"_links":{"self":[{"href":"http:\/\/oplegal.pl\/index.php\/wp-json\/wp\/v2\/pages\/33"}],"collection":[{"href":"http:\/\/oplegal.pl\/index.php\/wp-json\/wp\/v2\/pages"}],"about":[{"href":"http:\/\/oplegal.pl\/index.php\/wp-json\/wp\/v2\/types\/page"}],"author":[{"embeddable":true,"href":"http:\/\/oplegal.pl\/index.php\/wp-json\/wp\/v2\/users\/1"}],"replies":[{"embeddable":true,"href":"http:\/\/oplegal.pl\/index.php\/wp-json\/wp\/v2\/comments?post=33"}],"version-history":[{"count":7,"href":"http:\/\/oplegal.pl\/index.php\/wp-json\/wp\/v2\/pages\/33\/revisions"}],"predecessor-version":[{"id":179,"href":"http:\/\/oplegal.pl\/index.php\/wp-json\/wp\/v2\/pages\/33\/revisions\/179"}],"wp:featuredmedia":[{"embeddable":true,"href":"http:\/\/oplegal.pl\/index.php\/wp-json\/wp\/v2\/media\/31"}],"wp:attachment":[{"href":"http:\/\/oplegal.pl\/index.php\/wp-json\/wp\/v2\/media?parent=33"}],"curies":[{"name":"wp","href":"https:\/\/api.w.org\/{rel}","templated":true}]}}